{"id":90,"date":"2024-04-16T22:40:14","date_gmt":"2024-04-16T20:40:14","guid":{"rendered":"https:\/\/recoveryplast.com\/?post_type=product&#038;p=90"},"modified":"2024-04-16T22:44:50","modified_gmt":"2024-04-16T20:44:50","slug":"organizador-apilable","status":"publish","type":"product","link":"https:\/\/recoveryplast.com\/index.php\/producto\/organizador-apilable\/","title":{"rendered":"Organizador Apilable"},"content":{"rendered":"","protected":false},"excerpt":{"rendered":"<p>Producto pl\u00e1stico para almacenaje de alimentos o v\u00edveres en general, o cualquier articulo para almacenar, especialmente dise\u00f1ado para uso residencial o empresarial \u00f3 para uso en cocinas.<br \/>\nCuerpos apilables.<br \/>\nComposici\u00f3n:<\/p>\n<ul>\n<li>Polipropileno Peletizado 100% Recuperado.<\/li>\n<\/ul>\n<p><strong>COLORES DISPONIBLES<\/strong><\/p>\n<ul class=\"list_custom\">\n<li><i class=\"icon-layout\"><\/i>Marr\u00f3n, Beige, Verde Oscuro, Negro, Azul Claro y Azul Rey.<\/li>\n<\/ul>\n<p><strong>UNIDAD DE EMPAQUE<\/strong><\/p>\n<p>Paquete por 25 unidades.<\/p>\n<p><strong>DIMENSIONES<\/strong><\/p>\n<table>\n<tbody>\n<tr>\n<td>Alto<\/td>\n<td>20,5 cms<\/td>\n<\/tr>\n<tr>\n<td>Ancho<\/td>\n<td>30 cms<\/td>\n<\/tr>\n<tr>\n<td>Largo<\/td>\n<td>35 cms<\/td>\n<\/tr>\n<tr>\n<td>Peso<\/td>\n<td>390 gr<\/td>\n<\/tr>\n<\/tbody>\n<\/table>\n<p>&nbsp;<\/p>\n","protected":false},"featured_media":93,"comment_status":"closed","ping_status":"closed","template":"","meta":[],"product_cat":[17,28,18,24],"product_tag":[],"_links":{"self":[{"href":"https:\/\/recoveryplast.com\/index.php\/wp-json\/wp\/v2\/product\/90"}],"collection":[{"href":"https:\/\/recoveryplast.com\/index.php\/wp-json\/wp\/v2\/product"}],"about":[{"href":"https:\/\/recoveryplast.com\/index.php\/wp-json\/wp\/v2\/types\/product"}],"replies":[{"embeddable":true,"href":"https:\/\/recoveryplast.com\/index.php\/wp-json\/wp\/v2\/comments?post=90"}],"wp:featuredmedia":[{"embeddable":true,"href":"https:\/\/recoveryplast.com\/index.php\/wp-json\/wp\/v2\/media\/93"}],"wp:attachment":[{"href":"https:\/\/recoveryplast.com\/index.php\/wp-json\/wp\/v2\/media?parent=90"}],"wp:term":[{"taxonomy":"product_cat","embeddable":true,"href":"https:\/\/recoveryplast.com\/index.php\/wp-json\/wp\/v2\/product_cat?post=90"},{"taxonomy":"product_tag","embeddable":true,"href":"https:\/\/recoveryplast.com\/index.php\/wp-json\/wp\/v2\/product_tag?post=90"}],"curies":[{"name":"wp","href":"https:\/\/api.w.org\/{rel}","templated":true}]}}